{"id":1111,"date":"2015-03-04T11:44:40","date_gmt":"2015-03-04T11:44:40","guid":{"rendered":"http:\/\/www.avort.md\/?page_id=1111"},"modified":"2023-05-29T09:10:48","modified_gmt":"2023-05-29T09:10:48","slug":"ce-faci-daca-ai-o-sarcina-nedorita-en","status":"publish","type":"page","link":"https:\/\/www.avort.md\/en\/ce-faci-daca-ai-o-sarcina-nedorita-en\/","title":{"rendered":"What to do if you have an unwanted pregnancy?"},"content":{"rendered":"<p><img class=\" wp-image-4253 alignright\" src=\"https:\/\/www.avort.md\/wp-content\/uploads\/2014\/07\/Test-sarcina.jpg\" alt=\"\" width=\"441\" height=\"277\" srcset=\"https:\/\/www.avort.md\/wp-content\/uploads\/2014\/07\/Test-sarcina.jpg 893w, https:\/\/www.avort.md\/wp-content\/uploads\/2014\/07\/Test-sarcina-300x188.jpg 300w, https:\/\/www.avort.md\/wp-content\/uploads\/2014\/07\/Test-sarcina-768x482.jpg 768w\" sizes=\"(max-width: 441px) 100vw, 441px\" \/>If you think you have an unwanted pregnancy then you should confirm it by taking a urine pregnancy test.<\/p>\n<p>Urine pregnancy tests that you find in pharmacies are very safe and you can have absolute confidence in their results.<\/p>\n<p>After you have confirmed the pregnancy, you have a decision to make. You have the absolute right to decide yourself how to proceed, although, if possible, discuss with loved ones and evaluate the situation and your options.<\/p>\n<p>If abortion is the solution you have chosen, you should discuss with a gynecologist that is trained in this practice, is friendly, and that respects your decision. Thus, you will obtain a professional <a href=\"https:\/\/www.avort.md\/en\/consilier-en\/\">consultation<\/a> about <a href=\"https:\/\/www.avort.md\/en\/methods-of-abortion\/\">safe abortion methods<\/a> and where they can be accessed.<\/p>\n<p>In the Republic of Moldova, abortion is permitted by law. Every woman that ends a pregnancy has this right, as well as the right to validated and objective information. She is free to choose her provider, the abortion method, and the type of anesthesia based on information provided during the consultation.<\/p>\n<p>Contact us, <a href=\"https:\/\/www.avort.md\/en\/contacts\/\">Centrul S\u0103n\u0103t\u0103\u021bii femeii TARA<\/a><\/p>\n<p><span style=\"color: #ff0000;\">DO NOT ACCEPT THE OUTDATED AND UNSAFE METHOD OF CURETTAGE AND DILATION!<\/span><\/p>\n<p>Choose a safe abortion method (<a href=\"https:\/\/www.avort.md\/en\/medical-abortion\/\">medical abortion<\/a>, <a href=\"https:\/\/www.avort.md\/aspiratia-vacuum-manuala-avm\/\">manual vacuum aspiration<\/a>)!<\/p>\n","protected":false},"excerpt":{"rendered":"<p>If you think you have an unwanted pregnancy then you should confirm it by taking a urine pregnancy test. Urine <a class=\"read-more\" href=\"https:\/\/www.avort.md\/en\/ce-faci-daca-ai-o-sarcina-nedorita-en\/\">more>><\/a><\/p>\n","protected":false},"author":2,"featured_media":0,"parent":0,"menu_order":0,"comment_status":"closed","ping_status":"open","template":"","meta":[],"yoast_head":"<!-- This site is optimized with the Yoast SEO plugin v18.2 - https:\/\/yoast.com\/wordpress\/plugins\/seo\/ -->\n<title>Unwanted pregnancy - information for womens<\/title>\n<meta name=\"description\" content=\"If you think you have an unwanted pregnancy then you should confirm it by taking a urine pregnancy test. Urine pregnancy tests that you find in pharmacies\" \/>\n<meta name=\"robots\" content=\"index, follow, max-snippet:-1, max-image-preview:large, max-video-preview:-1\" \/>\n<link rel=\"canonical\" href=\"https:\/\/www.avort.md\/en\/ce-faci-daca-ai-o-sarcina-nedorita-en\/\" \/>\n<meta property=\"og:locale\" content=\"en_US\" \/>\n<meta property=\"og:type\" content=\"article\" \/>\n<meta property=\"og:title\" content=\"Unwanted pregnancy - information for womens\" \/>\n<meta property=\"og:description\" content=\"If you think you have an unwanted pregnancy then you should confirm it by taking a urine pregnancy test. Urine pregnancy tests that you find in pharmacies\" \/>\n<meta property=\"og:url\" content=\"https:\/\/www.avort.md\/en\/ce-faci-daca-ai-o-sarcina-nedorita-en\/\" \/>\n<meta property=\"og:site_name\" content=\"Avort.md\" \/>\n<meta property=\"article:publisher\" content=\"https:\/\/www.facebook.com\/Centrul-de-Instruire-%c3%aen-Domeniul-S%c4%83n%c4%83t%c4%83%c5%a3ii-Reproductive-CIDSR-159409707451468\/\" \/>\n<meta property=\"article:modified_time\" content=\"2023-05-29T09:10:48+00:00\" \/>\n<meta property=\"og:image\" content=\"https:\/\/www.avort.md\/wp-content\/uploads\/2014\/07\/Test-sarcina.jpg\" \/>\n<meta name=\"twitter:card\" content=\"summary\" \/>\n<meta name=\"twitter:site\" content=\"@RHTC1\" \/>\n<meta name=\"twitter:label1\" content=\"Est. reading time\" \/>\n\t<meta name=\"twitter:data1\" content=\"2 minutes\" \/>\n<script type=\"application\/ld+json\" class=\"yoast-schema-graph\">{\"@context\":\"https:\/\/schema.org\",\"@graph\":[{\"@type\":\"WebSite\",\"@id\":\"https:\/\/www.avort.md\/#website\",\"url\":\"https:\/\/www.avort.md\/\",\"name\":\"Avort.md\",\"description\":\"We protect Reproductive Health\",\"potentialAction\":[{\"@type\":\"SearchAction\",\"target\":{\"@type\":\"EntryPoint\",\"urlTemplate\":\"https:\/\/www.avort.md\/?s={search_term_string}\"},\"query-input\":\"required name=search_term_string\"}],\"inLanguage\":\"en-US\"},{\"@type\":\"ImageObject\",\"@id\":\"https:\/\/www.avort.md\/en\/ce-faci-daca-ai-o-sarcina-nedorita-en\/#primaryimage\",\"inLanguage\":\"en-US\",\"url\":\"https:\/\/www.avort.md\/wp-content\/uploads\/2014\/07\/Test-sarcina.jpg\",\"contentUrl\":\"https:\/\/www.avort.md\/wp-content\/uploads\/2014\/07\/Test-sarcina.jpg\",\"width\":893,\"height\":560},{\"@type\":\"WebPage\",\"@id\":\"https:\/\/www.avort.md\/en\/ce-faci-daca-ai-o-sarcina-nedorita-en\/#webpage\",\"url\":\"https:\/\/www.avort.md\/en\/ce-faci-daca-ai-o-sarcina-nedorita-en\/\",\"name\":\"Unwanted pregnancy - information for womens\",\"isPartOf\":{\"@id\":\"https:\/\/www.avort.md\/#website\"},\"primaryImageOfPage\":{\"@id\":\"https:\/\/www.avort.md\/en\/ce-faci-daca-ai-o-sarcina-nedorita-en\/#primaryimage\"},\"datePublished\":\"2015-03-04T11:44:40+00:00\",\"dateModified\":\"2023-05-29T09:10:48+00:00\",\"description\":\"If you think you have an unwanted pregnancy then you should confirm it by taking a urine pregnancy test. Urine pregnancy tests that you find in pharmacies\",\"breadcrumb\":{\"@id\":\"https:\/\/www.avort.md\/en\/ce-faci-daca-ai-o-sarcina-nedorita-en\/#breadcrumb\"},\"inLanguage\":\"en-US\",\"potentialAction\":[{\"@type\":\"ReadAction\",\"target\":[\"https:\/\/www.avort.md\/en\/ce-faci-daca-ai-o-sarcina-nedorita-en\/\"]}]},{\"@type\":\"BreadcrumbList\",\"@id\":\"https:\/\/www.avort.md\/en\/ce-faci-daca-ai-o-sarcina-nedorita-en\/#breadcrumb\",\"itemListElement\":[{\"@type\":\"ListItem\",\"position\":1,\"name\":\"Acas\u0103\",\"item\":\"https:\/\/www.avort.md\/en\/\"},{\"@type\":\"ListItem\",\"position\":2,\"name\":\"What to do if you have an unwanted pregnancy?\"}]}]}<\/script>\n<!-- \/ Yoast SEO plugin. -->","yoast_head_json":{"title":"Unwanted pregnancy - information for womens","description":"If you think you have an unwanted pregnancy then you should confirm it by taking a urine pregnancy test. Urine pregnancy tests that you find in pharmacies","robots":{"index":"index","follow":"follow","max-snippet":"max-snippet:-1","max-image-preview":"max-image-preview:large","max-video-preview":"max-video-preview:-1"},"canonical":"https:\/\/www.avort.md\/en\/ce-faci-daca-ai-o-sarcina-nedorita-en\/","og_locale":"en_US","og_type":"article","og_title":"Unwanted pregnancy - information for womens","og_description":"If you think you have an unwanted pregnancy then you should confirm it by taking a urine pregnancy test. Urine pregnancy tests that you find in pharmacies","og_url":"https:\/\/www.avort.md\/en\/ce-faci-daca-ai-o-sarcina-nedorita-en\/","og_site_name":"Avort.md","article_publisher":"https:\/\/www.facebook.com\/Centrul-de-Instruire-%c3%aen-Domeniul-S%c4%83n%c4%83t%c4%83%c5%a3ii-Reproductive-CIDSR-159409707451468\/","article_modified_time":"2023-05-29T09:10:48+00:00","og_image":[{"url":"https:\/\/www.avort.md\/wp-content\/uploads\/2014\/07\/Test-sarcina.jpg"}],"twitter_card":"summary","twitter_site":"@RHTC1","twitter_misc":{"Est. reading time":"2 minutes"},"schema":{"@context":"https:\/\/schema.org","@graph":[{"@type":"WebSite","@id":"https:\/\/www.avort.md\/#website","url":"https:\/\/www.avort.md\/","name":"Avort.md","description":"We protect Reproductive Health","potentialAction":[{"@type":"SearchAction","target":{"@type":"EntryPoint","urlTemplate":"https:\/\/www.avort.md\/?s={search_term_string}"},"query-input":"required name=search_term_string"}],"inLanguage":"en-US"},{"@type":"ImageObject","@id":"https:\/\/www.avort.md\/en\/ce-faci-daca-ai-o-sarcina-nedorita-en\/#primaryimage","inLanguage":"en-US","url":"https:\/\/www.avort.md\/wp-content\/uploads\/2014\/07\/Test-sarcina.jpg","contentUrl":"https:\/\/www.avort.md\/wp-content\/uploads\/2014\/07\/Test-sarcina.jpg","width":893,"height":560},{"@type":"WebPage","@id":"https:\/\/www.avort.md\/en\/ce-faci-daca-ai-o-sarcina-nedorita-en\/#webpage","url":"https:\/\/www.avort.md\/en\/ce-faci-daca-ai-o-sarcina-nedorita-en\/","name":"Unwanted pregnancy - information for womens","isPartOf":{"@id":"https:\/\/www.avort.md\/#website"},"primaryImageOfPage":{"@id":"https:\/\/www.avort.md\/en\/ce-faci-daca-ai-o-sarcina-nedorita-en\/#primaryimage"},"datePublished":"2015-03-04T11:44:40+00:00","dateModified":"2023-05-29T09:10:48+00:00","description":"If you think you have an unwanted pregnancy then you should confirm it by taking a urine pregnancy test. Urine pregnancy tests that you find in pharmacies","breadcrumb":{"@id":"https:\/\/www.avort.md\/en\/ce-faci-daca-ai-o-sarcina-nedorita-en\/#breadcrumb"},"inLanguage":"en-US","potentialAction":[{"@type":"ReadAction","target":["https:\/\/www.avort.md\/en\/ce-faci-daca-ai-o-sarcina-nedorita-en\/"]}]},{"@type":"BreadcrumbList","@id":"https:\/\/www.avort.md\/en\/ce-faci-daca-ai-o-sarcina-nedorita-en\/#breadcrumb","itemListElement":[{"@type":"ListItem","position":1,"name":"Acas\u0103","item":"https:\/\/www.avort.md\/en\/"},{"@type":"ListItem","position":2,"name":"What to do if you have an unwanted pregnancy?"}]}]}},"_links":{"self":[{"href":"https:\/\/www.avort.md\/en\/wp-json\/wp\/v2\/pages\/1111"}],"collection":[{"href":"https:\/\/www.avort.md\/en\/wp-json\/wp\/v2\/pages"}],"about":[{"href":"https:\/\/www.avort.md\/en\/wp-json\/wp\/v2\/types\/page"}],"author":[{"embeddable":true,"href":"https:\/\/www.avort.md\/en\/wp-json\/wp\/v2\/users\/2"}],"replies":[{"embeddable":true,"href":"https:\/\/www.avort.md\/en\/wp-json\/wp\/v2\/comments?post=1111"}],"version-history":[{"count":5,"href":"https:\/\/www.avort.md\/en\/wp-json\/wp\/v2\/pages\/1111\/revisions"}],"predecessor-version":[{"id":7635,"href":"https:\/\/www.avort.md\/en\/wp-json\/wp\/v2\/pages\/1111\/revisions\/7635"}],"wp:attachment":[{"href":"https:\/\/www.avort.md\/en\/wp-json\/wp\/v2\/media?parent=1111"}],"curies":[{"name":"wp","href":"https:\/\/api.w.org\/{rel}","templated":true}]}}