{"id":466,"date":"2014-07-28T04:03:00","date_gmt":"2014-07-28T04:03:00","guid":{"rendered":"http:\/\/www.avort.md\/?page_id=466"},"modified":"2025-10-13T08:41:39","modified_gmt":"2025-10-13T08:41:39","slug":"contacts","status":"publish","type":"page","link":"https:\/\/www.avort.md\/en\/contacts\/","title":{"rendered":"Contacts"},"content":{"rendered":"<div id=\"pl-466\"  class=\"panel-layout\" ><div id=\"pg-466-0\"  class=\"panel-grid panel-no-style\" ><div id=\"pgc-466-0-0\"  class=\"panel-grid-cell\" ><div id=\"panel-466-0-0-0\" class=\"so-panel widget widget_widget_sp_image widget_sp_image panel-first-child panel-last-child\" data-index=\"0\" ><img width=\"300\" height=\"96\" class=\"attachment-medium\" style=\"max-width: 100%;\" srcset=\"https:\/\/www.avort.md\/wp-content\/uploads\/2020\/02\/Logo-rom-300x96.png 300w, https:\/\/www.avort.md\/wp-content\/uploads\/2020\/02\/Logo-rom-768x246.png 768w, https:\/\/www.avort.md\/wp-content\/uploads\/2020\/02\/Logo-rom-1024x328.png 1024w, https:\/\/www.avort.md\/wp-content\/uploads\/2020\/02\/Logo-rom.png 1935w\" sizes=\"(max-width: 300px) 100vw, 300px\" src=\"https:\/\/www.avort.md\/wp-content\/uploads\/2020\/02\/Logo-rom-300x96.png\" \/><\/div><\/div><div id=\"pgc-466-0-1\"  class=\"panel-grid-cell\" ><div id=\"panel-466-0-1-0\" class=\"so-panel widget widget_widget_sp_image widget_sp_image panel-first-child panel-last-child\" data-index=\"1\" ><img width=\"300\" height=\"79\" class=\"attachment-medium\" style=\"max-width: 100%;\" srcset=\"https:\/\/www.avort.md\/wp-content\/uploads\/2022\/07\/Logo-TARA-png-300x79.png 300w, https:\/\/www.avort.md\/wp-content\/uploads\/2022\/07\/Logo-TARA-png.png 460w\" sizes=\"(max-width: 300px) 100vw, 300px\" src=\"https:\/\/www.avort.md\/wp-content\/uploads\/2022\/07\/Logo-TARA-png-300x79.png\" \/><\/div><\/div><\/div><div id=\"pg-466-1\"  class=\"panel-grid panel-no-style\" ><div id=\"pgc-466-1-0\"  class=\"panel-grid-cell\" ><div id=\"panel-466-1-0-0\" class=\"so-panel widget widget_black-studio-tinymce widget_black_studio_tinymce panel-first-child panel-last-child\" data-index=\"2\" ><h3 class=\"widget-title\">Reproductive Health Training Center \/ Centrul S\u0103n\u0103t\u0103\u021bii femeii TARA <\/h3><div class=\"textwidget\"><p>Address: bd. Mercea cel Batrin 13\/2,\u00a0<span class=\"tlid-translation translation\" lang=\"en\"><span class=\"\" title=\"\">office <\/span><\/span> 2. Chisinau, Moldova<\/p>\n<p><img class=\"alignnone wp-image-5982\" src=\"https:\/\/www.avort.md\/wp-content\/uploads\/2021\/02\/telephone-150x150.png\" alt=\"\" width=\"17\" height=\"17\" \/>\u00a0\u00a0 <a href=\"tel:\/\/+37322355072\">+ 373 22 355072<\/a><br \/>\n<img class=\"alignnone wp-image-5984\" src=\"https:\/\/www.avort.md\/wp-content\/uploads\/2021\/02\/phone-call-150x150.png\" alt=\"\" width=\"22\" height=\"22\" \/> <a href=\"tel:\/\/+37360903782\">+ 373 60903782<\/a><\/p>\n<p><img class=\"alignnone wp-image-5981\" src=\"https:\/\/www.avort.md\/wp-content\/uploads\/2021\/02\/envelope2-150x150.png\" alt=\"\" width=\"17\" height=\"17\" \/>\u00a0 <a href=\"mailto:cidsr2012@gmail.com\">cidsr2012@gmail.com<\/a><br \/>\n<img class=\"alignnone wp-image-5983\" src=\"https:\/\/www.avort.md\/wp-content\/uploads\/2021\/02\/link-150x150.png\" alt=\"\" width=\"17\" height=\"17\" \/>\u00a0 <a href=\"https:\/\/www.avort.md\/\">www.cidsr.md<\/a>, <a href=\"https:\/\/taraginecologie.md\/\">www.taraginecologie.md<\/a><\/p>\n<p><a href=\"https:\/\/www.youtube.com\/channel\/UCwFPwmipObQRs61L3hqlT_Q?reload=9&amp;reload=9\"><img class=\"wp-image-5796 alignleft\" src=\"https:\/\/www.avort.md\/wp-content\/uploads\/2021\/01\/youtube.png\" alt=\"\" width=\"15\" height=\"15\" \/><\/a>\u00a0\u00a0 <a href=\"https:\/\/www.instagram.com\/cidsr.md\/\"><img class=\"wp-image-5794 alignleft\" src=\"https:\/\/www.avort.md\/wp-content\/uploads\/2021\/01\/instagram.png\" alt=\"\" width=\"15\" height=\"15\" \/><\/a> \u00a0 <a href=\"https:\/\/www.facebook.com\/CIDSR98\/\"><img class=\"wp-image-5793 alignleft\" src=\"https:\/\/www.avort.md\/wp-content\/uploads\/2021\/01\/facebook.png\" alt=\"\" width=\"15\" height=\"15\" \/><\/a><a href=\"https:\/\/twitter.com\/RHTC1\"><img class=\"wp-image-5795 alignleft\" src=\"https:\/\/www.avort.md\/wp-content\/uploads\/2021\/01\/twitter.png\" alt=\"\" width=\"15\" height=\"15\" \/><\/a><\/p>\n<\/div><\/div><\/div><div id=\"pgc-466-1-1\"  class=\"panel-grid-cell\" ><div id=\"panel-466-1-1-0\" class=\"so-panel widget widget_black-studio-tinymce widget_black_studio_tinymce panel-first-child panel-last-child\" data-index=\"3\" ><div class=\"textwidget\"><p><iframe src=\"https:\/\/www.google.com\/maps\/embed?pb=!1m14!1m8!1m3!1d961.1694725134023!2d28.889235131712397!3d47.048122386961126!3m2!1i1024!2i768!4f13.1!3m3!1m2!1s0x0%3A0xaa1c5cc1acd47736!2sCentrul%20de%20Instruire%20%C3%AEn%20Domeniul%20S%C4%83n%C4%83t%C4%83%C5%A3ii%20Reproductive!5e0!3m2!1sru!2s!4v1613487718091!5m2!1sru!2s\" width=\"400\" height=\"300\" frameborder=\"0\" style=\"border:0;\" allowfullscreen=\"\" aria-hidden=\"false\" tabindex=\"0\"><\/iframe><\/p>\n<\/div><\/div><\/div><\/div><div id=\"pg-466-2\"  class=\"panel-grid panel-no-style\" ><div id=\"pgc-466-2-0\"  class=\"panel-grid-cell\" ><div id=\"panel-466-2-0-0\" class=\"so-panel widget widget_black-studio-tinymce widget_black_studio_tinymce panel-first-child panel-last-child\" data-index=\"4\" ><h3 class=\"widget-title\">If you have questions, do not hesitate to write to us:<\/h3><div class=\"textwidget\"><p><div class=\"wpforms-container wpforms-container-full\" id=\"wpforms-5975\"><form id=\"wpforms-form-5975\" class=\"wpforms-validate wpforms-form\" data-formid=\"5975\" method=\"post\" enctype=\"multipart\/form-data\" action=\"\/en\/wp-json\/wp\/v2\/pages\/466\" data-token=\"64333a7d61976f0cc8bc2e8147ae2aeb\"><noscript class=\"wpforms-error-noscript\">Please enable JavaScript in your browser to complete this form.<\/noscript><div class=\"wpforms-field-container\"><div id=\"wpforms-5975-field_1-container\" class=\"wpforms-field wpforms-field-name\" data-field-id=\"1\"><label class=\"wpforms-field-label wpforms-label-hide\" for=\"wpforms-5975-field_1\">\u0418\u043c\u044f <span class=\"wpforms-required-label\">*<\/span><\/label><input type=\"text\" id=\"wpforms-5975-field_1\" class=\"wpforms-field-large wpforms-field-required\" name=\"wpforms[fields][1]\" placeholder=\"Name\" required><\/div><div id=\"wpforms-5975-field_2-container\" class=\"wpforms-field wpforms-field-email\" data-field-id=\"2\"><label class=\"wpforms-field-label wpforms-label-hide\" for=\"wpforms-5975-field_2\">Email<\/label><input type=\"email\" id=\"wpforms-5975-field_2\" class=\"wpforms-field-large\" name=\"wpforms[fields][2]\" placeholder=\"Email\" spellcheck=\"false\" ><\/div><div id=\"wpforms-5975-field_3-container\" class=\"wpforms-field wpforms-field-text\" data-field-id=\"3\"><label class=\"wpforms-field-label wpforms-label-hide\" for=\"wpforms-5975-field_3\">\u0421\u0442\u0440\u043e\u043a\u0430 \u0442\u0435\u043a\u0441\u0442\u0430<\/label><input type=\"text\" id=\"wpforms-5975-field_3\" class=\"wpforms-field-large\" name=\"wpforms[fields][3]\" placeholder=\"Phone number\" ><\/div><div id=\"wpforms-5975-field_4-container\" class=\"wpforms-field wpforms-field-textarea\" data-field-id=\"4\"><label class=\"wpforms-field-label wpforms-label-hide\" for=\"wpforms-5975-field_4\">\u0422\u0435\u043a\u0441\u0442<\/label><textarea id=\"wpforms-5975-field_4\" class=\"wpforms-field-medium\" name=\"wpforms[fields][4]\" placeholder=\"Message\" ><\/textarea><\/div><\/div><!-- .wpforms-field-container --><div class=\"wpforms-submit-container\" ><input type=\"hidden\" name=\"wpforms[id]\" value=\"5975\"><input type=\"hidden\" name=\"wpforms[author]\" value=\"2\"><button type=\"submit\" name=\"wpforms[submit]\" id=\"wpforms-submit-5975\" class=\"wpforms-submit\" data-alt-text=\"Submitting...\" data-submit-text=\"Submit\" aria-live=\"assertive\" value=\"wpforms-submit\">Submit<\/button><\/div><\/form><\/div>  <!-- .wpforms-container --><\/p>\n<\/div><\/div><\/div><\/div><\/div>","protected":false},"excerpt":{"rendered":"<p>Address: bd. Mercea cel Batrin 13\/2,\u00a0office 2. Chisinau, Moldova \u00a0\u00a0 + 373 22 355072 + 373 60903782 \u00a0 cidsr2012@gmail.com \u00a0 <a class=\"read-more\" href=\"https:\/\/www.avort.md\/en\/contacts\/\">more>><\/a><\/p>\n","protected":false},"author":2,"featured_media":0,"parent":0,"menu_order":0,"comment_status":"closed","ping_status":"closed","template":"","meta":[],"yoast_head":"<!-- This site is optimized with the Yoast SEO plugin v18.2 - https:\/\/yoast.com\/wordpress\/plugins\/seo\/ -->\n<title>Contacts - Address and phone number<\/title>\n<meta name=\"description\" content=\"If you have questions, do not hesitate to write to us. We look forward to your message.\" \/>\n<meta name=\"robots\" content=\"index, follow, max-snippet:-1, max-image-preview:large, max-video-preview:-1\" \/>\n<link rel=\"canonical\" href=\"https:\/\/www.avort.md\/en\/contacts\/\" \/>\n<meta property=\"og:locale\" content=\"en_US\" \/>\n<meta property=\"og:type\" content=\"article\" \/>\n<meta property=\"og:title\" content=\"Contacts - Address and phone number\" \/>\n<meta property=\"og:description\" content=\"If you have questions, do not hesitate to write to us. We look forward to your message.\" \/>\n<meta property=\"og:url\" content=\"https:\/\/www.avort.md\/en\/contacts\/\" \/>\n<meta property=\"og:site_name\" content=\"Avort.md\" \/>\n<meta property=\"article:publisher\" content=\"https:\/\/www.facebook.com\/Centrul-de-Instruire-%c3%aen-Domeniul-S%c4%83n%c4%83t%c4%83%c5%a3ii-Reproductive-CIDSR-159409707451468\/\" \/>\n<meta property=\"article:modified_time\" content=\"2025-10-13T08:41:39+00:00\" \/>\n<meta property=\"og:image\" content=\"https:\/\/www.avort.md\/wp-content\/uploads\/2021\/02\/telephone-150x150.png\" \/>\n<meta name=\"twitter:card\" content=\"summary\" \/>\n<meta name=\"twitter:site\" content=\"@RHTC1\" \/>\n<meta name=\"twitter:label1\" content=\"Est. reading time\" \/>\n\t<meta name=\"twitter:data1\" content=\"2 minutes\" \/>\n<script type=\"application\/ld+json\" class=\"yoast-schema-graph\">{\"@context\":\"https:\/\/schema.org\",\"@graph\":[{\"@type\":\"WebSite\",\"@id\":\"https:\/\/www.avort.md\/#website\",\"url\":\"https:\/\/www.avort.md\/\",\"name\":\"Avort.md\",\"description\":\"We protect Reproductive Health\",\"potentialAction\":[{\"@type\":\"SearchAction\",\"target\":{\"@type\":\"EntryPoint\",\"urlTemplate\":\"https:\/\/www.avort.md\/?s={search_term_string}\"},\"query-input\":\"required name=search_term_string\"}],\"inLanguage\":\"en-US\"},{\"@type\":\"ImageObject\",\"@id\":\"https:\/\/www.avort.md\/en\/contacts\/#primaryimage\",\"inLanguage\":\"en-US\",\"url\":\"https:\/\/www.avort.md\/wp-content\/uploads\/2021\/02\/telephone.png\",\"contentUrl\":\"https:\/\/www.avort.md\/wp-content\/uploads\/2021\/02\/telephone.png\",\"width\":512,\"height\":512},{\"@type\":\"WebPage\",\"@id\":\"https:\/\/www.avort.md\/en\/contacts\/#webpage\",\"url\":\"https:\/\/www.avort.md\/en\/contacts\/\",\"name\":\"Contacts - Address and phone number\",\"isPartOf\":{\"@id\":\"https:\/\/www.avort.md\/#website\"},\"primaryImageOfPage\":{\"@id\":\"https:\/\/www.avort.md\/en\/contacts\/#primaryimage\"},\"datePublished\":\"2014-07-28T04:03:00+00:00\",\"dateModified\":\"2025-10-13T08:41:39+00:00\",\"description\":\"If you have questions, do not hesitate to write to us. We look forward to your message.\",\"breadcrumb\":{\"@id\":\"https:\/\/www.avort.md\/en\/contacts\/#breadcrumb\"},\"inLanguage\":\"en-US\",\"potentialAction\":[{\"@type\":\"ReadAction\",\"target\":[\"https:\/\/www.avort.md\/en\/contacts\/\"]}]},{\"@type\":\"BreadcrumbList\",\"@id\":\"https:\/\/www.avort.md\/en\/contacts\/#breadcrumb\",\"itemListElement\":[{\"@type\":\"ListItem\",\"position\":1,\"name\":\"Acas\u0103\",\"item\":\"https:\/\/www.avort.md\/en\/\"},{\"@type\":\"ListItem\",\"position\":2,\"name\":\"Contacts\"}]}]}<\/script>\n<!-- \/ Yoast SEO plugin. -->","yoast_head_json":{"title":"Contacts - Address and phone number","description":"If you have questions, do not hesitate to write to us. We look forward to your message.","robots":{"index":"index","follow":"follow","max-snippet":"max-snippet:-1","max-image-preview":"max-image-preview:large","max-video-preview":"max-video-preview:-1"},"canonical":"https:\/\/www.avort.md\/en\/contacts\/","og_locale":"en_US","og_type":"article","og_title":"Contacts - Address and phone number","og_description":"If you have questions, do not hesitate to write to us. We look forward to your message.","og_url":"https:\/\/www.avort.md\/en\/contacts\/","og_site_name":"Avort.md","article_publisher":"https:\/\/www.facebook.com\/Centrul-de-Instruire-%c3%aen-Domeniul-S%c4%83n%c4%83t%c4%83%c5%a3ii-Reproductive-CIDSR-159409707451468\/","article_modified_time":"2025-10-13T08:41:39+00:00","og_image":[{"url":"https:\/\/www.avort.md\/wp-content\/uploads\/2021\/02\/telephone-150x150.png"}],"twitter_card":"summary","twitter_site":"@RHTC1","twitter_misc":{"Est. reading time":"2 minutes"},"schema":{"@context":"https:\/\/schema.org","@graph":[{"@type":"WebSite","@id":"https:\/\/www.avort.md\/#website","url":"https:\/\/www.avort.md\/","name":"Avort.md","description":"We protect Reproductive Health","potentialAction":[{"@type":"SearchAction","target":{"@type":"EntryPoint","urlTemplate":"https:\/\/www.avort.md\/?s={search_term_string}"},"query-input":"required name=search_term_string"}],"inLanguage":"en-US"},{"@type":"ImageObject","@id":"https:\/\/www.avort.md\/en\/contacts\/#primaryimage","inLanguage":"en-US","url":"https:\/\/www.avort.md\/wp-content\/uploads\/2021\/02\/telephone.png","contentUrl":"https:\/\/www.avort.md\/wp-content\/uploads\/2021\/02\/telephone.png","width":512,"height":512},{"@type":"WebPage","@id":"https:\/\/www.avort.md\/en\/contacts\/#webpage","url":"https:\/\/www.avort.md\/en\/contacts\/","name":"Contacts - Address and phone number","isPartOf":{"@id":"https:\/\/www.avort.md\/#website"},"primaryImageOfPage":{"@id":"https:\/\/www.avort.md\/en\/contacts\/#primaryimage"},"datePublished":"2014-07-28T04:03:00+00:00","dateModified":"2025-10-13T08:41:39+00:00","description":"If you have questions, do not hesitate to write to us. We look forward to your message.","breadcrumb":{"@id":"https:\/\/www.avort.md\/en\/contacts\/#breadcrumb"},"inLanguage":"en-US","potentialAction":[{"@type":"ReadAction","target":["https:\/\/www.avort.md\/en\/contacts\/"]}]},{"@type":"BreadcrumbList","@id":"https:\/\/www.avort.md\/en\/contacts\/#breadcrumb","itemListElement":[{"@type":"ListItem","position":1,"name":"Acas\u0103","item":"https:\/\/www.avort.md\/en\/"},{"@type":"ListItem","position":2,"name":"Contacts"}]}]}},"_links":{"self":[{"href":"https:\/\/www.avort.md\/en\/wp-json\/wp\/v2\/pages\/466"}],"collection":[{"href":"https:\/\/www.avort.md\/en\/wp-json\/wp\/v2\/pages"}],"about":[{"href":"https:\/\/www.avort.md\/en\/wp-json\/wp\/v2\/types\/page"}],"author":[{"embeddable":true,"href":"https:\/\/www.avort.md\/en\/wp-json\/wp\/v2\/users\/2"}],"replies":[{"embeddable":true,"href":"https:\/\/www.avort.md\/en\/wp-json\/wp\/v2\/comments?post=466"}],"version-history":[{"count":8,"href":"https:\/\/www.avort.md\/en\/wp-json\/wp\/v2\/pages\/466\/revisions"}],"predecessor-version":[{"id":8277,"href":"https:\/\/www.avort.md\/en\/wp-json\/wp\/v2\/pages\/466\/revisions\/8277"}],"wp:attachment":[{"href":"https:\/\/www.avort.md\/en\/wp-json\/wp\/v2\/media?parent=466"}],"curies":[{"name":"wp","href":"https:\/\/api.w.org\/{rel}","templated":true}]}}